{"id":316,"date":"2018-09-17T20:50:15","date_gmt":"2018-09-17T18:50:15","guid":{"rendered":"http:\/\/fdesuremain-psy.fr\/?page_id=316"},"modified":"2020-04-29T18:19:09","modified_gmt":"2020-04-29T16:19:09","slug":"me-contacter","status":"publish","type":"page","link":"https:\/\/fdesuremain-psy.fr\/?page_id=316","title":{"rendered":"ME CONTACTER"},"content":{"rendered":"<p><img loading=\"lazy\" decoding=\"async\" class=\"wp-image-679 size-thumbnail alignleft\" src=\"http:\/\/fdesuremain-psy.fr\/wp-content\/uploads\/2018\/10\/IMG_5616carre\u0301-150x150.jpg\" alt=\"\" width=\"150\" height=\"150\" srcset=\"https:\/\/fdesuremain-psy.fr\/wp-content\/uploads\/2018\/10\/IMG_5616carre\u0301-150x150.jpg 150w, https:\/\/fdesuremain-psy.fr\/wp-content\/uploads\/2018\/10\/IMG_5616carre\u0301-300x300.jpg 300w, https:\/\/fdesuremain-psy.fr\/wp-content\/uploads\/2018\/10\/IMG_5616carre\u0301-768x768.jpg 768w, https:\/\/fdesuremain-psy.fr\/wp-content\/uploads\/2018\/10\/IMG_5616carre\u0301-1024x1024.jpg 1024w\" sizes=\"(max-width: 150px) 100vw, 150px\" \/><div class=\"wpforms-container wpforms-container-full\" id=\"wpforms-671\"><form id=\"wpforms-form-671\" class=\"wpforms-validate wpforms-form\" data-formid=\"671\" method=\"post\" enctype=\"multipart\/form-data\" action=\"\/index.php?rest_route=%2Fwp%2Fv2%2Fpages%2F316\" data-token=\"c2bf051c542f5386d7f5f25cb09a4b93\"><noscript class=\"wpforms-error-noscript\">Veuillez activer JavaScript dans votre navigateur pour remplir ce formulaire.<\/noscript><div class=\"wpforms-field-container\"><div id=\"wpforms-671-field_0-container\" class=\"wpforms-field wpforms-field-name\" data-field-id=\"0\"><label class=\"wpforms-field-label\" for=\"wpforms-671-field_0\">Pr\u00e9nom &amp; nom <span class=\"wpforms-required-label\">*<\/span><\/label><div class=\"wpforms-field-row wpforms-field-medium\"><div class=\"wpforms-field-row-block wpforms-first wpforms-one-half\"><input type=\"text\" id=\"wpforms-671-field_0\" class=\"wpforms-field-name-first wpforms-field-required\" name=\"wpforms[fields][0][first]\" required><label for=\"wpforms-671-field_0\" class=\"wpforms-field-sublabel after \">Pr\u00e9nom<\/label><\/div><div class=\"wpforms-field-row-block wpforms-one-half\"><input type=\"text\" id=\"wpforms-671-field_0-last\" class=\"wpforms-field-name-last wpforms-field-required\" name=\"wpforms[fields][0][last]\" required><label for=\"wpforms-671-field_0-last\" class=\"wpforms-field-sublabel after \">Nom<\/label><\/div><\/div><\/div><div id=\"wpforms-671-field_6-container\" class=\"wpforms-field wpforms-field-text\" data-field-id=\"6\"><label class=\"wpforms-field-label\" for=\"wpforms-671-field_6\">Num\u00e9ro de t\u00e9l\u00e9phone<\/label><input type=\"text\" id=\"wpforms-671-field_6\" class=\"wpforms-field-medium\" name=\"wpforms[fields][6]\" ><\/div><div id=\"wpforms-671-field_1-container\" class=\"wpforms-field wpforms-field-email\" data-field-id=\"1\"><label class=\"wpforms-field-label\" for=\"wpforms-671-field_1\">Adresse email <span class=\"wpforms-required-label\">*<\/span><\/label><input type=\"email\" id=\"wpforms-671-field_1\" class=\"wpforms-field-medium wpforms-field-required\" name=\"wpforms[fields][1]\" spellcheck=\"false\" required><\/div><div id=\"wpforms-671-field_2-container\" class=\"wpforms-field wpforms-field-textarea\" data-field-id=\"2\"><label class=\"wpforms-field-label\" for=\"wpforms-671-field_2\">Message <span class=\"wpforms-required-label\">*<\/span><\/label><textarea id=\"wpforms-671-field_2\" class=\"wpforms-field-medium wpforms-field-required\" name=\"wpforms[fields][2]\" required><\/textarea><\/div><div id=\"wpforms-671-field_3-container\" class=\"wpforms-field wpforms-field-mailchimp\" data-field-id=\"3\"><ul id=\"\" class=\"\"><li class=\"choice-0 depth-1\"><input type=\"checkbox\" id=\"wpforms-671-field_3_0\" name=\"wpforms[fields][3]\" value=\"1\"  ><label class=\"wpforms-field-label-inline\" for=\"wpforms-671-field_3_0\">S'abonner \u00e0 la newsletter<\/label><\/li><\/ul><\/div><\/div><!-- .wpforms-field-container --><div class=\"wpforms-field wpforms-field-hp\"><label for=\"wpforms-671-field-hp\" class=\"wpforms-field-label\">Phone<\/label><input type=\"text\" name=\"wpforms[hp]\" id=\"wpforms-671-field-hp\" class=\"wpforms-field-medium\"><\/div><div class=\"wpforms-submit-container\" ><input type=\"hidden\" name=\"wpforms[id]\" value=\"671\"><input type=\"hidden\" name=\"wpforms[author]\" value=\"1\"><button type=\"submit\" name=\"wpforms[submit]\" id=\"wpforms-submit-671\" class=\"wpforms-submit\" data-alt-text=\"Sending...\" data-submit-text=\"Envoyer\" aria-live=\"assertive\" value=\"wpforms-submit\">Envoyer<\/button><\/div><\/form><\/div>  <!-- .wpforms-container --><\/p>\n    <!-- sktbuilder starter --><script type=\"text\/javascript\" src=\"https:\/\/fdesuremain-psy.fr\/wp-content\/plugins\/skt-builder\/sktbuilder\/sktbuilder-frontend-starter.js\"><\/script><script type=\"text\/javascript\" src=\"https:\/\/fdesuremain-psy.fr\/wp-content\/plugins\/skt-builder\/sktbuilder-wordpress-driver.js\"><\/script><script type=\"text\/javascript\"> var starter = new SktbuilderStarter({\"mode\": \"prod\", \"skip\":[\"jquery\",\"underscore\",\"backbone\"],\"sktbuilderUrl\": \"https:\/\/fdesuremain-psy.fr\/wp-content\/plugins\/skt-builder\/sktbuilder\/\", \"driver\": new SktbuilderWordpressDriver({\"ajaxUrl\": \"https:\/\/fdesuremain-psy.fr\/wp-admin\/admin-ajax.php\", \"iframeUrl\": \"https:\/\/fdesuremain-psy.fr\/?page_id=316&sktbuilder=true\", \"pageId\": 316, \"pages\": [{\"title\":\"Sensibiliser \\\/ Soutenir\",\"url\":\"https:\\\/\\\/fdesuremain-psy.fr\\\/wp-admin\\\/post.php?post=1323&action=sktbuilder\"},{\"title\":\"Former\",\"url\":\"https:\\\/\\\/fdesuremain-psy.fr\\\/wp-admin\\\/post.php?post=1420&action=sktbuilder\"}], \"page\": \"ME CONTACTER\" }) });<\/script><!-- end sktbuilder starter -->","protected":false},"excerpt":{"rendered":"","protected":false},"author":1,"featured_media":0,"parent":240,"menu_order":0,"comment_status":"closed","ping_status":"closed","template":"templates\/page-nosidebar_template.php","meta":{"_exactmetrics_skip_tracking":false,"_exactmetrics_sitenote_active":false,"_exactmetrics_sitenote_note":"","_exactmetrics_sitenote_category":0,"footnotes":""},"_links":{"self":[{"href":"https:\/\/fdesuremain-psy.fr\/index.php?rest_route=\/wp\/v2\/pages\/316"}],"collection":[{"href":"https:\/\/fdesuremain-psy.fr\/index.php?rest_route=\/wp\/v2\/pages"}],"about":[{"href":"https:\/\/fdesuremain-psy.fr\/index.php?rest_route=\/wp\/v2\/types\/page"}],"author":[{"embeddable":true,"href":"https:\/\/fdesuremain-psy.fr\/index.php?rest_route=\/wp\/v2\/users\/1"}],"replies":[{"embeddable":true,"href":"https:\/\/fdesuremain-psy.fr\/index.php?rest_route=%2Fwp%2Fv2%2Fcomments&post=316"}],"version-history":[{"count":12,"href":"https:\/\/fdesuremain-psy.fr\/index.php?rest_route=\/wp\/v2\/pages\/316\/revisions"}],"predecessor-version":[{"id":1345,"href":"https:\/\/fdesuremain-psy.fr\/index.php?rest_route=\/wp\/v2\/pages\/316\/revisions\/1345"}],"up":[{"embeddable":true,"href":"https:\/\/fdesuremain-psy.fr\/index.php?rest_route=\/wp\/v2\/pages\/240"}],"wp:attachment":[{"href":"https:\/\/fdesuremain-psy.fr\/index.php?rest_route=%2Fwp%2Fv2%2Fmedia&parent=316"}],"curies":[{"name":"wp","href":"https:\/\/api.w.org\/{rel}","templated":true}]}}