{"id":318,"date":"2018-09-17T20:51:40","date_gmt":"2018-09-17T18:51:40","guid":{"rendered":"http:\/\/fdesuremain-psy.fr\/?page_id=318"},"modified":"2018-11-09T14:21:08","modified_gmt":"2018-11-09T13:21:08","slug":"les-psy-qui-fait-quoi","status":"publish","type":"page","link":"https:\/\/fdesuremain-psy.fr\/?page_id=318","title":{"rendered":"Les &#8220;psy&#8221;: qui fait quoi ?"},"content":{"rendered":"\r\n\t\t<div class=\"fancy-title\" style=\"text-align: left;\">\r\n\t\t\t<h2 style=\"color:#3a3a3a; font-size:44px; text-align: left;\">\r\n\t\t\t\t<small style=\"font-size:28px;\"><\/small>\r\n\t\t\t\tLe psychologue\r\n\t\t\t\t<span style=\"color:#81b304;\"><\/span>\r\n\t\t\t<\/h2>\r\n\t\t\t\r\n\t\t<\/div>\r\n\t\t\n\r\n\t\t\t <div class=\"promo1\" style=\"background-color:#f7f7f7; border-color: #a0ce4e #e8e6e6 #e8e6e6;\">\r\n             \t<\/p>\n<ul>\n<li>Le dipl\u00f4me de psychologue est reconnu par l&#8217;\u00c9tat depuis 1985 et est donc tr\u00e8s r\u00e9glement\u00e9: l\u2019usage du titre de psychologue est prot\u00e9g\u00e9. Toute personne se faisant passer pour psychologue ou appeler comme tel sans pouvoir justifier de l&#8217;obtention des ce dipl\u00f4me est passible de poursuites.<\/li>\n<\/ul>\n<p>&nbsp;<\/p>\n<ul>\n<li>Le psychologue est un professionnel qui a suivi au minimum cinq ann\u00e9es d&#8217;\u00e9tudes apr\u00e8s le baccalaur\u00e9at (niveau Master II).<\/li>\n<\/ul>\n<p>&nbsp;<\/p>\n<ul>\n<li>La psychologie appartient \u00e0 la famille des sciences humaines et sociales. Le psychologue est un sp\u00e9cialiste de la vie psychique.<\/li>\n<\/ul>\n<p>&nbsp;<\/p>\n<ul>\n<li>Le psychologue clinicien est form\u00e9 \u00e0 comprendre et\/ou traiter des troubles psychiques ainsi que des troubles du comportement. Il est sp\u00e9cialis\u00e9 dans la <a href=\"http:\/\/fdesuremain-psy.fr\/?page_id=738\" target=\"_blank\" rel=\"noopener\">relation th\u00e9rapeutique clinique<\/a>: il sait comment accompagner les personnes \u00e0 aborder et moduler certains aspects de leur vie psychique afin d&#8217;obtenir un soulagement ou un meilleur \u00e9quilibre mental.<\/li>\n<\/ul>\n<p>&nbsp;<\/p>\n<ul>\n<li>Le psychologue n\u2019\u00e9tant pas m\u00e9decin il ne prescrit aucun m\u00e9dicament, et ses consultations ne sont pas rembours\u00e9es par la s\u00e9curit\u00e9 sociale.<\/li>\n<\/ul>\n<p>&nbsp;<\/p>\n<ul>\n<li>L\u2019ensemble de la profession de psychologue est r\u00e9gie par <a href=\"http:\/\/fdesuremain-psy.fr\/?page_id=738\" target=\"_blank\" rel=\"noopener\">le code de d\u00e9ontologie des psychologues<\/a>.<\/li>\n<\/ul>\n<p>\r\n             <\/div>\t\r\n\t\t\n\r\n\t\t<div class=\"fancy-title\" style=\"text-align: left;\">\r\n\t\t\t<h2 style=\"color:#3a3a3a; font-size:44px; text-align: left;\">\r\n\t\t\t\t<small style=\"font-size:28px;\"><\/small>\r\n\t\t\t\tLe psychiatre\r\n\t\t\t\t<span style=\"color:#81b304;\"><\/span>\r\n\t\t\t<\/h2>\r\n\t\t\t\r\n\t\t<\/div>\r\n\t\t\n\r\n\t\t\t <div class=\"promo1\" style=\"background-color:#f7f7f7; border-color: #a0ce4e #e8e6e6 #e8e6e6;\">\r\n             \t\n<ul>\n<li>Le psychiatre est un m\u00e9decin: il a \u00e9tudi\u00e9 6 ans de m\u00e9decine et 4 ans de sp\u00e9cialisation en psychiatrie.<\/li>\n<\/ul>\n<p>&nbsp;<\/p>\n<ul>\n<li>Il est sp\u00e9cialis\u00e9 dans l&#8217;\u00e9valuation de sympt\u00f4mes en vue de poser un diagnostic de maladie mentale: d\u00e9pression, trouble anxieux, troubles compulsifs, trouble de la personnalit\u00e9\u2026 et peut prescrire un traitement m\u00e9dicamenteux si besoin.<\/li>\n<\/ul>\n<p>&nbsp;<\/p>\n<ul>\n<li>Ses capacit\u00e9s \u00e0 pouvoir mettre en place un traitement, ainsi qu&#8217;\u00e0 pouvoir prendre des d\u00e9cisions m\u00e9dicales (hospitalisations) lui permettent d&#8217;assurer le suivi de troubles mentaux graves ainsi que de troubles importants du comportement.<\/li>\n<\/ul>\n<p>&nbsp;<\/p>\n<ul>\n<li>Comme tous les m\u00e9decins, les psychiatres peuvent exercer en Secteur 1 ou Secteur 2. Les premiers pratiquent des tarifs en ligne avec le tarif de convention de la S\u00e9curit\u00e9 Sociale, tandis que les seconds peuvent appliquer des d\u00e9passements d\u2019honoraires.\u00a0\r\n             <\/div>\t\r\n\t\t<\/li>\n<\/ul>\n\r\n\t\t<div class=\"fancy-title\" style=\"text-align: left;\">\r\n\t\t\t<h2 style=\"color:#3a3a3a; font-size:44px; text-align: left;\">\r\n\t\t\t\t<small style=\"font-size:28px;\"><\/small>\r\n\t\t\t\tLe psychoth\u00e9rapeute\r\n\t\t\t\t<span style=\"color:#81b304;\"><\/span>\r\n\t\t\t<\/h2>\r\n\t\t\t\r\n\t\t<\/div>\r\n\t\t\n\r\n\t\t\t <div class=\"promo1\" style=\"background-color:#f7f7f7; border-color: #a0ce4e #e8e6e6 #e8e6e6;\">\r\n             \t\n<ul>\n<li>\n<p align=\"JUSTIFY\">Le psychoth\u00e9rapeute est un professionnel pratiquant la psychoth\u00e9rapie de son choix. On estime \u00e0 pr\u00e8s de 400, le nombre des m\u00e9thodes de psychoth\u00e9rapie existant en Europe et aux Etats-Unis.<\/p>\n<\/li>\n<li>\n<p align=\"JUSTIFY\">Les principales m\u00e9thodes sont regroup\u00e9es au sein de quelques grands courants de psychoth\u00e9rapie: les psychoth\u00e9rapies d&#8217;orientation psychanalytiques, les psychoth\u00e9rapies d&#8217;orientation comportementales et cognitives, les psychoth\u00e9rapies d&#8217;orientation familiale et syst\u00e9mique, les psychoth\u00e9rapies psycho-corporelles (dont fait partie la pratique de l&#8217;<a href=\"http:\/\/fdesuremain-psy.fr\/?page_id=312\" target=\"_blank\" rel=\"noopener\">hypnose clinique<\/a>).<\/p>\n<\/li>\n<li>\n<p align=\"JUSTIFY\">La dur\u00e9e d&#8217;\u00e9tude varie en fonction du courant auquel le professionnel souhaite se former. Un professionnel en sant\u00e9 mentale peut se former \u00e0 plusieurs techniques th\u00e9rapeutiques en fonction de ses go\u00fbts ou besoins: chaque nouvelle approche th\u00e9rapeutique acquise repr\u00e9sente une sp\u00e9cialisation ou un outils suppl\u00e9mentaire dans l&#8217;offre de soin du professionnel.<\/p>\n<\/li>\n<li>\n<p align=\"JUSTIFY\">Depuis 2010, l\u2019usage du titre de psychoth\u00e9rapeute est r\u00e9glement\u00e9 et prot\u00e9g\u00e9 par le d\u00e9cret\u00a02012-695 du 7 mai 2012 relatif \u00e0 l\u2019usage du titre de psychoth\u00e9rapeute\u00a0(r\u00e9vis\u00e9 en 2012).<\/p>\n<\/li>\n<li>\n<p align=\"JUSTIFY\">Seuls les psychologues cliniciens et psychiatres sont autoris\u00e9s \u00e0 faire usage de ce titre \u00e0 l\u2019issue de leur formation initiale. Les autres professionnels doivent suivre un nombre d\u2019heures de formation compl\u00e9mentaire pr\u00e9cis\u00e9es dans ce d\u00e9cret.\u00a0<span style=\"line-height: 1.5;\">\r\n             <\/div>\t\r\n\t\t<\/span><\/p>\n<\/li>\n<\/ul>\n    <!-- sktbuilder starter --><script type=\"text\/javascript\" src=\"https:\/\/fdesuremain-psy.fr\/wp-content\/plugins\/skt-builder\/sktbuilder\/sktbuilder-frontend-starter.js\"><\/script><script type=\"text\/javascript\" src=\"https:\/\/fdesuremain-psy.fr\/wp-content\/plugins\/skt-builder\/sktbuilder-wordpress-driver.js\"><\/script><script type=\"text\/javascript\"> var starter = new SktbuilderStarter({\"mode\": \"prod\", \"skip\":[\"jquery\",\"underscore\",\"backbone\"],\"sktbuilderUrl\": \"https:\/\/fdesuremain-psy.fr\/wp-content\/plugins\/skt-builder\/sktbuilder\/\", \"driver\": new SktbuilderWordpressDriver({\"ajaxUrl\": \"https:\/\/fdesuremain-psy.fr\/wp-admin\/admin-ajax.php\", \"iframeUrl\": \"https:\/\/fdesuremain-psy.fr\/?page_id=318&sktbuilder=true\", \"pageId\": 318, \"pages\": [{\"title\":\"Sensibiliser \\\/ Soutenir\",\"url\":\"https:\\\/\\\/fdesuremain-psy.fr\\\/wp-admin\\\/post.php?post=1323&action=sktbuilder\"},{\"title\":\"Former\",\"url\":\"https:\\\/\\\/fdesuremain-psy.fr\\\/wp-admin\\\/post.php?post=1420&action=sktbuilder\"}], \"page\": \"Les \\\"psy\\\": qui fait quoi ?\" }) });<\/script><!-- end sktbuilder starter -->","protected":false},"excerpt":{"rendered":"","protected":false},"author":1,"featured_media":0,"parent":190,"menu_order":0,"comment_status":"closed","ping_status":"closed","template":"templates\/page-fullwidth_template.php","meta":{"_exactmetrics_skip_tracking":false,"_exactmetrics_sitenote_active":false,"_exactmetrics_sitenote_note":"","_exactmetrics_sitenote_category":0,"footnotes":""},"_links":{"self":[{"href":"https:\/\/fdesuremain-psy.fr\/index.php?rest_route=\/wp\/v2\/pages\/318"}],"collection":[{"href":"https:\/\/fdesuremain-psy.fr\/index.php?rest_route=\/wp\/v2\/pages"}],"about":[{"href":"https:\/\/fdesuremain-psy.fr\/index.php?rest_route=\/wp\/v2\/types\/page"}],"author":[{"embeddable":true,"href":"https:\/\/fdesuremain-psy.fr\/index.php?rest_route=\/wp\/v2\/users\/1"}],"replies":[{"embeddable":true,"href":"https:\/\/fdesuremain-psy.fr\/index.php?rest_route=%2Fwp%2Fv2%2Fcomments&post=318"}],"version-history":[{"count":19,"href":"https:\/\/fdesuremain-psy.fr\/index.php?rest_route=\/wp\/v2\/pages\/318\/revisions"}],"predecessor-version":[{"id":779,"href":"https:\/\/fdesuremain-psy.fr\/index.php?rest_route=\/wp\/v2\/pages\/318\/revisions\/779"}],"up":[{"embeddable":true,"href":"https:\/\/fdesuremain-psy.fr\/index.php?rest_route=\/wp\/v2\/pages\/190"}],"wp:attachment":[{"href":"https:\/\/fdesuremain-psy.fr\/index.php?rest_route=%2Fwp%2Fv2%2Fmedia&parent=318"}],"curies":[{"name":"wp","href":"https:\/\/api.w.org\/{rel}","templated":true}]}}