{"id":324,"date":"2018-09-17T20:53:40","date_gmt":"2018-09-17T18:53:40","guid":{"rendered":"http:\/\/fdesuremain-psy.fr\/?page_id=324"},"modified":"2020-10-12T01:07:42","modified_gmt":"2020-10-11T23:07:42","slug":"deroulement-dune-consultation","status":"publish","type":"page","link":"https:\/\/fdesuremain-psy.fr\/?page_id=324","title":{"rendered":"Informations pratiques"},"content":{"rendered":"<div id=\"metaslider-id-1516\" style=\"max-width: 300px;\" class=\"ml-slider-3-60-1 metaslider metaslider-flex metaslider-1516 ml-slider ms-theme-default\" role=\"region\" aria-roledescription=\"Slideshow\" aria-label=\"New Slideshow\">\n    <div id=\"metaslider_container_1516\">\n        <div id=\"metaslider_1516\">\n            <ul aria-live=\"polite\" class=\"slides\">\n                <li style=\"display: block; width: 100%;\" class=\"slide-1549 ms-image\" aria-roledescription=\"slide\" aria-label=\"slide-1549\"><img loading=\"lazy\" decoding=\"async\" width=\"467\" height=\"700\" src=\"https:\/\/fdesuremain-psy.fr\/wp-content\/uploads\/2020\/10\/IMG_6115-copieS.jpg\" class=\"slider-1516 slide-1549\" alt=\"\" rel=\"\" title=\"IMG_6115 - copieS\" srcset=\"https:\/\/fdesuremain-psy.fr\/wp-content\/uploads\/2020\/10\/IMG_6115-copieS.jpg 467w, https:\/\/fdesuremain-psy.fr\/wp-content\/uploads\/2020\/10\/IMG_6115-copieS-200x300.jpg 200w\" sizes=\"(max-width: 467px) 100vw, 467px\" \/><\/li>\n                <li style=\"display: none; width: 100%;\" class=\"slide-1554 ms-image\" aria-roledescription=\"slide\" aria-label=\"slide-1554\"><img loading=\"lazy\" decoding=\"async\" width=\"5184\" height=\"3456\" src=\"https:\/\/fdesuremain-psy.fr\/wp-content\/uploads\/2020\/10\/IMG_6144-copie-1.jpg\" class=\"slider-1516 slide-1554\" alt=\"\" rel=\"\" title=\"IMG_6144 - copie\" srcset=\"https:\/\/fdesuremain-psy.fr\/wp-content\/uploads\/2020\/10\/IMG_6144-copie-1.jpg 5184w, https:\/\/fdesuremain-psy.fr\/wp-content\/uploads\/2020\/10\/IMG_6144-copie-1-300x200.jpg 300w, https:\/\/fdesuremain-psy.fr\/wp-content\/uploads\/2020\/10\/IMG_6144-copie-1-768x512.jpg 768w, https:\/\/fdesuremain-psy.fr\/wp-content\/uploads\/2020\/10\/IMG_6144-copie-1-1024x683.jpg 1024w\" sizes=\"(max-width: 5184px) 100vw, 5184px\" \/><\/li>\n                <li style=\"display: none; width: 100%;\" class=\"slide-1553 ms-image\" aria-roledescription=\"slide\" aria-label=\"slide-1553\"><img loading=\"lazy\" decoding=\"async\" width=\"5184\" height=\"3456\" src=\"https:\/\/fdesuremain-psy.fr\/wp-content\/uploads\/2020\/10\/IMG_6147-copie-1.jpg\" class=\"slider-1516 slide-1553\" alt=\"\" rel=\"\" title=\"IMG_6147 - copie\" srcset=\"https:\/\/fdesuremain-psy.fr\/wp-content\/uploads\/2020\/10\/IMG_6147-copie-1.jpg 5184w, https:\/\/fdesuremain-psy.fr\/wp-content\/uploads\/2020\/10\/IMG_6147-copie-1-300x200.jpg 300w, https:\/\/fdesuremain-psy.fr\/wp-content\/uploads\/2020\/10\/IMG_6147-copie-1-768x512.jpg 768w, https:\/\/fdesuremain-psy.fr\/wp-content\/uploads\/2020\/10\/IMG_6147-copie-1-1024x683.jpg 1024w\" sizes=\"(max-width: 5184px) 100vw, 5184px\" \/><\/li>\n                <li style=\"display: none; width: 100%;\" class=\"slide-1557 ms-image\" aria-roledescription=\"slide\" aria-label=\"slide-1557\"><img loading=\"lazy\" decoding=\"async\" width=\"5184\" height=\"3456\" src=\"https:\/\/fdesuremain-psy.fr\/wp-content\/uploads\/2020\/10\/IMG_6122-copie-1.jpg\" class=\"slider-1516 slide-1557\" alt=\"\" rel=\"\" title=\"IMG_6122 - copie\" srcset=\"https:\/\/fdesuremain-psy.fr\/wp-content\/uploads\/2020\/10\/IMG_6122-copie-1.jpg 5184w, https:\/\/fdesuremain-psy.fr\/wp-content\/uploads\/2020\/10\/IMG_6122-copie-1-300x200.jpg 300w, https:\/\/fdesuremain-psy.fr\/wp-content\/uploads\/2020\/10\/IMG_6122-copie-1-768x512.jpg 768w, https:\/\/fdesuremain-psy.fr\/wp-content\/uploads\/2020\/10\/IMG_6122-copie-1-1024x683.jpg 1024w\" sizes=\"(max-width: 5184px) 100vw, 5184px\" \/><\/li>\n                <li style=\"display: none; width: 100%;\" class=\"slide-1551 ms-image\" aria-roledescription=\"slide\" aria-label=\"slide-1551\"><img loading=\"lazy\" decoding=\"async\" width=\"467\" height=\"700\" src=\"https:\/\/fdesuremain-psy.fr\/wp-content\/uploads\/2020\/10\/IMG_6143-copieS.jpg\" class=\"slider-1516 slide-1551\" alt=\"\" rel=\"\" title=\"IMG_6143 - copieS\" srcset=\"https:\/\/fdesuremain-psy.fr\/wp-content\/uploads\/2020\/10\/IMG_6143-copieS.jpg 467w, https:\/\/fdesuremain-psy.fr\/wp-content\/uploads\/2020\/10\/IMG_6143-copieS-200x300.jpg 200w\" sizes=\"(max-width: 467px) 100vw, 467px\" \/><\/li>\n                <li style=\"display: none; width: 100%;\" class=\"slide-1555 ms-image\" aria-roledescription=\"slide\" aria-label=\"slide-1555\"><img loading=\"lazy\" decoding=\"async\" width=\"5184\" height=\"3456\" src=\"https:\/\/fdesuremain-psy.fr\/wp-content\/uploads\/2020\/10\/IMG_6140-copie-1.jpg\" class=\"slider-1516 slide-1555\" alt=\"\" rel=\"\" title=\"IMG_6140 - copie\" srcset=\"https:\/\/fdesuremain-psy.fr\/wp-content\/uploads\/2020\/10\/IMG_6140-copie-1.jpg 5184w, https:\/\/fdesuremain-psy.fr\/wp-content\/uploads\/2020\/10\/IMG_6140-copie-1-300x200.jpg 300w, https:\/\/fdesuremain-psy.fr\/wp-content\/uploads\/2020\/10\/IMG_6140-copie-1-768x512.jpg 768w, https:\/\/fdesuremain-psy.fr\/wp-content\/uploads\/2020\/10\/IMG_6140-copie-1-1024x683.jpg 1024w\" sizes=\"(max-width: 5184px) 100vw, 5184px\" \/><\/li>\n                <li style=\"display: none; width: 100%;\" class=\"slide-1556 ms-image\" aria-roledescription=\"slide\" aria-label=\"slide-1556\"><img loading=\"lazy\" decoding=\"async\" width=\"5184\" height=\"3456\" src=\"https:\/\/fdesuremain-psy.fr\/wp-content\/uploads\/2020\/10\/IMG_6134-copie-1.jpg\" class=\"slider-1516 slide-1556\" alt=\"\" rel=\"\" title=\"IMG_6134 - copie\" srcset=\"https:\/\/fdesuremain-psy.fr\/wp-content\/uploads\/2020\/10\/IMG_6134-copie-1.jpg 5184w, https:\/\/fdesuremain-psy.fr\/wp-content\/uploads\/2020\/10\/IMG_6134-copie-1-300x200.jpg 300w, https:\/\/fdesuremain-psy.fr\/wp-content\/uploads\/2020\/10\/IMG_6134-copie-1-768x512.jpg 768w, https:\/\/fdesuremain-psy.fr\/wp-content\/uploads\/2020\/10\/IMG_6134-copie-1-1024x683.jpg 1024w\" sizes=\"(max-width: 5184px) 100vw, 5184px\" \/><\/li>\n                <li style=\"display: none; width: 100%;\" class=\"slide-1552 ms-image\" aria-roledescription=\"slide\" aria-label=\"slide-1552\"><img loading=\"lazy\" decoding=\"async\" width=\"1000\" height=\"1500\" src=\"https:\/\/fdesuremain-psy.fr\/wp-content\/uploads\/2020\/10\/IMG_6150-copieS.jpg\" class=\"slider-1516 slide-1552\" alt=\"\" rel=\"\" title=\"IMG_6150 - copieS\" srcset=\"https:\/\/fdesuremain-psy.fr\/wp-content\/uploads\/2020\/10\/IMG_6150-copieS.jpg 1000w, https:\/\/fdesuremain-psy.fr\/wp-content\/uploads\/2020\/10\/IMG_6150-copieS-200x300.jpg 200w, https:\/\/fdesuremain-psy.fr\/wp-content\/uploads\/2020\/10\/IMG_6150-copieS-768x1152.jpg 768w, https:\/\/fdesuremain-psy.fr\/wp-content\/uploads\/2020\/10\/IMG_6150-copieS-683x1024.jpg 683w\" sizes=\"(max-width: 1000px) 100vw, 1000px\" \/><\/li>\n                <li style=\"display: none; width: 100%;\" class=\"slide-1550 ms-image\" aria-roledescription=\"slide\" aria-label=\"slide-1550\"><img loading=\"lazy\" decoding=\"async\" width=\"467\" height=\"700\" src=\"https:\/\/fdesuremain-psy.fr\/wp-content\/uploads\/2020\/10\/IMG_6126-copieS.jpg\" class=\"slider-1516 slide-1550\" alt=\"\" rel=\"\" title=\"IMG_6126 - copieS\" srcset=\"https:\/\/fdesuremain-psy.fr\/wp-content\/uploads\/2020\/10\/IMG_6126-copieS.jpg 467w, https:\/\/fdesuremain-psy.fr\/wp-content\/uploads\/2020\/10\/IMG_6126-copieS-200x300.jpg 200w\" sizes=\"(max-width: 467px) 100vw, 467px\" \/><\/li>\n            <\/ul>\n        <\/div>\n        \n    <\/div>\n<\/div>\n<h2>Personnes suivies<\/h2>\n<p>Mes consultations sont \u00e0 destination des <strong>adultes et adolescents<\/strong>.<\/p>\n<p>Il m&#8217;arrive de faire des consultations de groupe ponctuellement (avec le conjoint, les enfants, les parents&#8230;) si la probl\u00e9matique de la personne qui a demand\u00e9 le suivi le justifie.<\/p>\n<p>&nbsp;<\/p>\n<p><img loading=\"lazy\" decoding=\"async\" class=\"alignright wp-image-1481 size-full\" src=\"http:\/\/fdesuremain-psy.fr\/wp-content\/uploads\/2020\/08\/plan-forum3.jpg\" alt=\"\" width=\"434\" height=\"439\" srcset=\"https:\/\/fdesuremain-psy.fr\/wp-content\/uploads\/2020\/08\/plan-forum3.jpg 434w, https:\/\/fdesuremain-psy.fr\/wp-content\/uploads\/2020\/08\/plan-forum3-297x300.jpg 297w\" sizes=\"(max-width: 434px) 100vw, 434px\" \/><\/p>\n<h2 align=\"JUSTIFY\">Venir au cabinet<\/h2>\n<p>Le cabinet se situe au Forum \u00e0 Bayonne, 20 rue Arnaud Detroyat.<\/p>\n<ul>\n<li>\n<h3>En voiture<\/h3>\n<\/li>\n<\/ul>\n<p><strong>-B\u00e2timent Ederena.<\/strong><\/p>\n<p>-Merci de vous garer \u00e0 l&#8217;avant du b\u00e2timent. L&#8217;entr\u00e9e pi\u00e9tons se situe \u00e0 l&#8217;arri\u00e8re du b\u00e2timent.<\/p>\n<ul>\n<li>\n<h3>En transports en commun<\/h3>\n<\/li>\n<\/ul>\n<h3><strong style=\"font-size: 16px;\">-Trambus T1, arr\u00eat ARENES ou FORUM<\/strong><\/h3>\n<p>-BUS 132, arr\u00eat Les Pontots<\/p>\n<p>-BUS 32, arr\u00eat Arenes<\/p>\n<ul>\n<li>\n<h3>Google Map<\/h3>\n<\/li>\n<\/ul>\n<h3><iframe loading=\"lazy\" style=\"border: 0;\" tabindex=\"0\" src=\"https:\/\/www.google.com\/maps\/embed?pb=!1m18!1m12!1m3!1d2894.551462707265!2d-1.4952594850225178!3d43.49083017912721!2m3!1f0!2f0!3f0!3m2!1i1024!2i768!4f13.1!3m3!1m2!1s0xd514068f549d9d3%3A0x1c63c134c1c476c!2s20%20Rue%20Arnaud%20Detroyat%2C%2064100%20Bayonne!5e0!3m2!1sfr!2sfr!4v1598219526827!5m2!1sfr!2sfr\" width=\"400\" height=\"300\" frameborder=\"0\" allowfullscreen=\"allowfullscreen\" aria-hidden=\"false\"><\/iframe><\/h3>\n<h2 align=\"JUSTIFY\">Horaires<\/h2>\n<p align=\"JUSTIFY\">Les consultations ont lieu du lundi au samedi de 8H30 \u00e0 21H30 (derni\u00e8re consultation possible \u00e0 20H30).<\/p>\n<h2 align=\"JUSTIFY\">Tarifs<\/h2>\n<p>Le prix est de <strong>60\u20ac pour une s\u00e9ance individuelle d&#8217;une heure<\/strong> environ; 80\u20ac pour une s\u00e9ance en groupe (2 \u00e0 3 personnes).<\/p>\n<p>Les consultations ne sont pas prises en charge par la s\u00e9curit\u00e9 sociale. Certaines mutuelles proposent un remboursement forfaitaire, renseignez-vous au cas par cas.<\/p>\n<p>Un tarif adapt\u00e9 ou un \u00e9talement des paiements peut-\u00eatre envisag\u00e9 pour les personnes aux revenus plus modestes. Chaque demande sera trait\u00e9e et \u00e9tudi\u00e9e au cas par cas, en fonction de la situation financi\u00e8re, professionnelle et personnelle de chacun.<\/p>\n    <!-- sktbuilder starter --><script type=\"text\/javascript\" src=\"https:\/\/fdesuremain-psy.fr\/wp-content\/plugins\/skt-builder\/sktbuilder\/sktbuilder-frontend-starter.js\"><\/script><script type=\"text\/javascript\" src=\"https:\/\/fdesuremain-psy.fr\/wp-content\/plugins\/skt-builder\/sktbuilder-wordpress-driver.js\"><\/script><script type=\"text\/javascript\"> var starter = new SktbuilderStarter({\"mode\": \"prod\", \"skip\":[\"jquery\",\"underscore\",\"backbone\"],\"sktbuilderUrl\": \"https:\/\/fdesuremain-psy.fr\/wp-content\/plugins\/skt-builder\/sktbuilder\/\", \"driver\": new SktbuilderWordpressDriver({\"ajaxUrl\": \"https:\/\/fdesuremain-psy.fr\/wp-admin\/admin-ajax.php\", \"iframeUrl\": \"https:\/\/fdesuremain-psy.fr\/?page_id=324&sktbuilder=true\", \"pageId\": 324, \"pages\": [{\"title\":\"Sensibiliser \\\/ Soutenir\",\"url\":\"https:\\\/\\\/fdesuremain-psy.fr\\\/wp-admin\\\/post.php?post=1323&action=sktbuilder\"},{\"title\":\"Former\",\"url\":\"https:\\\/\\\/fdesuremain-psy.fr\\\/wp-admin\\\/post.php?post=1420&action=sktbuilder\"}], \"page\": \"Informations pratiques\" }) });<\/script><!-- end sktbuilder starter -->","protected":false},"excerpt":{"rendered":"<p>Personnes suivies Mes consultations sont \u00e0 destination des adultes et adolescents. Il m&#8217;arrive de faire des consultations de groupe ponctuellement (avec le conjoint, les enfants, les parents&#8230;) si la probl\u00e9matique de la personne qui a demand\u00e9 le suivi le justifie. &nbsp; Venir au cabinet Le cabinet se situe au Forum \u00e0 Bayonne, 20 rue Arnaud<br \/><a class=\"moretag\" href=\"https:\/\/fdesuremain-psy.fr\/?page_id=324\">+ Read More<\/a><\/p>\n","protected":false},"author":1,"featured_media":0,"parent":190,"menu_order":0,"comment_status":"closed","ping_status":"closed","template":"templates\/page-nosidebar_template.php","meta":{"_exactmetrics_skip_tracking":false,"_exactmetrics_sitenote_active":false,"_exactmetrics_sitenote_note":"","_exactmetrics_sitenote_category":0,"footnotes":""},"_links":{"self":[{"href":"https:\/\/fdesuremain-psy.fr\/index.php?rest_route=\/wp\/v2\/pages\/324"}],"collection":[{"href":"https:\/\/fdesuremain-psy.fr\/index.php?rest_route=\/wp\/v2\/pages"}],"about":[{"href":"https:\/\/fdesuremain-psy.fr\/index.php?rest_route=\/wp\/v2\/types\/page"}],"author":[{"embeddable":true,"href":"https:\/\/fdesuremain-psy.fr\/index.php?rest_route=\/wp\/v2\/users\/1"}],"replies":[{"embeddable":true,"href":"https:\/\/fdesuremain-psy.fr\/index.php?rest_route=%2Fwp%2Fv2%2Fcomments&post=324"}],"version-history":[{"count":21,"href":"https:\/\/fdesuremain-psy.fr\/index.php?rest_route=\/wp\/v2\/pages\/324\/revisions"}],"predecessor-version":[{"id":1558,"href":"https:\/\/fdesuremain-psy.fr\/index.php?rest_route=\/wp\/v2\/pages\/324\/revisions\/1558"}],"up":[{"embeddable":true,"href":"https:\/\/fdesuremain-psy.fr\/index.php?rest_route=\/wp\/v2\/pages\/190"}],"wp:attachment":[{"href":"https:\/\/fdesuremain-psy.fr\/index.php?rest_route=%2Fwp%2Fv2%2Fmedia&parent=324"}],"curies":[{"name":"wp","href":"https:\/\/api.w.org\/{rel}","templated":true}]}}