{"id":738,"date":"2018-11-08T19:35:34","date_gmt":"2018-11-08T18:35:34","guid":{"rendered":"http:\/\/fdesuremain-psy.fr\/?page_id=738"},"modified":"2018-11-09T01:52:33","modified_gmt":"2018-11-09T00:52:33","slug":"quel-est-mon-cadre-de-travail","status":"publish","type":"page","link":"https:\/\/fdesuremain-psy.fr\/?page_id=738","title":{"rendered":"Mon cadre de travail"},"content":{"rendered":"<h2 class=\"western\" lang=\"fr-FR\" align=\"LEFT\"><span style=\"color: #000000;\">Le cadre clinique<\/span><\/h2>\n<p align=\"JUSTIFY\"><span lang=\"fr-FR\"><img loading=\"lazy\" decoding=\"async\" class=\"size-medium wp-image-754 alignleft\" src=\"http:\/\/fdesuremain-psy.fr\/wp-content\/uploads\/2018\/11\/hand-orange-finger-red-color-blue-colorful-yellow-watercolor-turquoise-illustration-connectedness-handprint-child-art-1116231-300x225.jpg\" alt=\"\" width=\"300\" height=\"225\" srcset=\"https:\/\/fdesuremain-psy.fr\/wp-content\/uploads\/2018\/11\/hand-orange-finger-red-color-blue-colorful-yellow-watercolor-turquoise-illustration-connectedness-handprint-child-art-1116231-300x225.jpg 300w, https:\/\/fdesuremain-psy.fr\/wp-content\/uploads\/2018\/11\/hand-orange-finger-red-color-blue-colorful-yellow-watercolor-turquoise-illustration-connectedness-handprint-child-art-1116231-768x576.jpg 768w, https:\/\/fdesuremain-psy.fr\/wp-content\/uploads\/2018\/11\/hand-orange-finger-red-color-blue-colorful-yellow-watercolor-turquoise-illustration-connectedness-handprint-child-art-1116231-1024x768.jpg 1024w\" sizes=\"(max-width: 300px) 100vw, 300px\" \/>Le mot \u00ab\u00a0clinique\u00a0\u00bb signifie litt\u00e9ralement \u00ab\u00a0\u00eatre au chevet du patient\u00a0\u00bb. Cela veut dire qu&#8217;en tant que psychologue, c<\/span><span lang=\"fr-FR\">&#8216;est \u00e0 moi \u00e0 m&#8217;<strong>adapter<\/strong> au patient et non l&#8217;inverse. J<\/span><span lang=\"fr-FR\">e consid\u00e8re qu&#8217;il <\/span><span lang=\"fr-FR\">n&#8217;existe pas de solution ou de r\u00e9ponse toute faite face \u00e0 des sympt\u00f4mes ou des situations qui semblent similaires. Chaque histoire et chaque \u00e9bauche de solution est abord\u00e9e d&#8217;une <strong>mani\u00e8re singuli\u00e8re<\/strong>, au cas par cas. <\/span><\/p>\n<p align=\"JUSTIFY\"><span lang=\"fr-FR\">Le suivi th\u00e9rapeutique se met en place gr\u00e2ce \u00e0 une <strong>co-construction<\/strong> avec la personne en face: je travaille avec et pour elle afin de lui proposer ce qui lui convient le mieux. Pour ces raisons, la pratique clinique est un <\/span><span lang=\"fr-FR\"><strong>\u00e9change actif<\/strong>. <\/span><span lang=\"fr-FR\">Contrairement \u00e0 certaines repr\u00e9sentations du psychologue dans les m\u00e9dias, je ne reste pas silencieuse, \u00e0 griffonner sur un cahier : je pose des\u00a0questions, j\u2019interviens, j\u2019interpr\u00e8te, je partage les associations d\u2019id\u00e9es qui me viennent en t\u00eate. Le but de la th\u00e9rapie est de rendre les personnes que j&#8217;accompagne <strong>actives et autonomes<\/strong> dans la <strong>compr\u00e9hension<\/strong> de leur dynamique psychique et la recherche de leurs propres solutions.<\/span><\/p>\n<p align=\"JUSTIFY\"><span lang=\"fr-FR\"><img loading=\"lazy\" decoding=\"async\" class=\"size-medium wp-image-758 alignright\" src=\"http:\/\/fdesuremain-psy.fr\/wp-content\/uploads\/2018\/11\/lotus-292x300.jpg\" alt=\"\" width=\"292\" height=\"300\" srcset=\"https:\/\/fdesuremain-psy.fr\/wp-content\/uploads\/2018\/11\/lotus-292x300.jpg 292w, https:\/\/fdesuremain-psy.fr\/wp-content\/uploads\/2018\/11\/lotus.jpg 483w\" sizes=\"(max-width: 292px) 100vw, 292px\" \/>Pour moi, chaque personne qui souhaite \u00eatre accompagn\u00e9e dans un travail psychique a besoin d\u2019un suivi adapt\u00e9 en fonction de ce qu\u2019elle est, de sa personnalit\u00e9, de sa disponibilit\u00e9, de ses pr\u00e9f\u00e9rences. <\/span><span lang=\"fr-FR\">Le <strong>non jugement <\/strong><\/span><span lang=\"fr-FR\">est une\u00a0condition indispensable pour une psychoth\u00e9rapie efficace. Je prends soin d&#8217;accueillir chacun dans un espace neutre, accueillant, respectueux et confidentiel. Bien entendu, le contenu des entretiens cliniques est soumis au <\/span><span lang=\"fr-FR\"><strong>secret\u00a0professionnel<\/strong>. <\/span><span lang=\"fr-FR\">Cependant, en cas d\u2019acte ill\u00e9gal ou de non-assistance \u00e0 personne en danger, la loi\u00a0m\u2019oblige \u00e0 briser en partie ce secret.<\/span><\/p>\n<h2 class=\"western\" lang=\"fr-FR\" align=\"LEFT\"><span style=\"color: #000000;\">Mon approche<\/span><\/h2>\n<p align=\"JUSTIFY\">J<span lang=\"fr-FR\">\u2019ai une approche th\u00e9orique<strong> int\u00e9grative<\/strong> c\u2019est-\u00e0-dire que je consid\u00e8re le fonctionnement psychologique \u00e0 travers ses aspects aussi bien \u00e9motionnels, cognitifs, relationnels, que comportementaux ou biologiques. Pour ce faire, je me r\u00e9f\u00e8re \u00e0 diff\u00e9rentes approches et mod\u00e8les th\u00e9oriques de la psychologie comme les th\u00e9ories psychanalytiques, sociales, cognitives, d\u00e9veloppementales, humanistes et psycho-corporelles (notamment <a href=\"http:\/\/fdesuremain-psy.fr\/?page_id=312\" target=\"_blank\" rel=\"noopener\">l&#8217;hypnose clinique<\/a>),&#8230;<\/span><\/p>\n<h2 class=\"western\">Le code de d\u00e9ontologie des psychologues<\/h2>\n<p align=\"JUSTIFY\">En tant que psychologue, je respecte une \u00e9thique professionnelle dont les principes sont \u00e9nonc\u00e9s dans le Code de D\u00e9ontologie des Psychologues de\u00a0mars 1966 (r\u00e9vis\u00e9 en f\u00e9vrier 2012). <span lang=\"fr-FR\">Sa finalit\u00e9 est avant tout de prot\u00e9ger le public et les psychologues contre les m\u00e9susages de la psychologie et contre l\u2019usage de m\u00e9thodes et techniques se r\u00e9clamant abusivement de la psychologie.\u00a0<\/span><span lang=\"fr-FR\">Il encadre les droits et les devoirs des psychologues, les droits de l\u2019usager et les rapports entretenus avec les autres professionnels avec lesquels le psychologue est susceptible de travailler.<\/span><\/p>\n<p>Les grands principes de ce code consistent en :<\/p>\n<p style=\"padding-left: 60px;\">\r\n\t\t\t<div class=\"promo4\" style=\"background-color:#f7f7f7; border-color:#a0ce4e;\">\r\n            \t<\/p>\n<p style=\"padding-left: 60px;\"><strong>1.<\/strong><span style=\"color: #000000;\"><strong><span style=\"color: #000000;\">Le respect des droits de la personne:<\/span>\u00a0<\/strong><\/span>l<span lang=\"fr-FR\">e psychologue respecte la personne dans sa dimension psychique et dans ses droits fondamentaux. Il n&#8217;influence pas vos d\u00e9cisions, ne vous moralise pas, et prot\u00e8ge la libert\u00e9 de chacun. Il s&#8217;attache \u00e0 respecter l&#8217;autonomie d&#8217;autrui et en particulier ses possibilit\u00e9s d&#8217;information, sa libert\u00e9 de jugement et de d\u00e9cision. Il pr\u00e9serve la vie priv\u00e9e et l&#8217;intimit\u00e9 des personnes en garantissant le respect du secret professionnel.<\/span><\/p>\n<p style=\"padding-left: 60px;\"><span style=\"color: #000000;\"><strong><span lang=\"fr-FR\">2.La comp\u00e9tence:\u00a0<\/span><\/strong><\/span><span style=\"line-height: 1.5;\">le psychologue s&#8217;engage dans des d\u00e9marches de formation continue, d&#8217;actualisation de ses connaissances, de travail sur soi et de supervision de sa pratique professionnelle.<\/span><\/p>\n<p style=\"padding-left: 60px;\"><span style=\"color: #008000;\"><strong><span lang=\"fr-FR\"><span style=\"color: #000000;\">3.La responsabilit\u00e9 et l&#8217;autonomie:<\/span>\u00a0<\/span><\/strong><\/span><span style=\"line-height: 1.5;\">le psychologue d\u00e9cide et\/ou con\u00e7oit lui-m\u00eame les m\u00e9thodes et techniques adapt\u00e9es \u00e0 la probl\u00e9matique sur laquelle il travaille. Il r\u00e9pond personnellement de ses choix et des avis qu&#8217;il formule.<\/span><\/p>\n<p style=\"padding-left: 60px;\"><span style=\"color: #000000;\"><strong><span lang=\"fr-FR\">4.La rigueur:\u00a0<\/span><\/strong><\/span><span style=\"line-height: 1.5;\">Le psychologue est capable de justifier son mode d&#8217;intervention par une explication raisonn\u00e9e, sujette \u00e0 une argumentation contradictoire, et non par une pens\u00e9e dogmatique. Il est conscient de ses limites et ne s&#8217;engage pas \u00e0 intervenir au-del\u00e0 de son domaine de comp\u00e9tence.<\/span><\/p>\n<p style=\"padding-left: 60px;\"><span style=\"color: #000000;\"><strong><span lang=\"fr-FR\">5.L&#8217;int\u00e9grit\u00e9 et la probit\u00e9:\u00a0<\/span><\/strong><\/span><span style=\"line-height: 1.5;\">Le psychologue ne cherche pas \u00e0 vous rallier \u00e0 un projet qui lui est personnel, une id\u00e9ologie, un parti politique ou encore une religion.\u00a0<\/span><\/p>\n<p style=\"padding-left: 60px;\"><strong><span lang=\"fr-FR\"><span style=\"color: #000000;\">6.Le respect du but assign\u00e9:<\/span>\u00a0<\/span><\/strong><span lang=\"fr-FR\" style=\"line-height: 1.5;\">Les dispositifs m\u00e9thodologiques mis en place par le psychologue r\u00e9pondent aux motifs de ses interventions, et \u00e0 eux seulement.<\/span><span style=\"line-height: 1.5;\">\r\n             <\/div>\t\r\n\t\t<\/span><\/p>\n<p><span lang=\"fr-FR\">Le code de d\u00e9ontologie des psychologues est disponible dans sa version int\u00e9grale <a href=\"http:\/\/www.codededeontologiedespsychologues.fr\/IMG\/pdf\/Codededeontologiedespsychologues-fr-2.pdf\">ICI<\/a>.<\/span><\/p>\n    <!-- sktbuilder starter --><script type=\"text\/javascript\" src=\"https:\/\/fdesuremain-psy.fr\/wp-content\/plugins\/skt-builder\/sktbuilder\/sktbuilder-frontend-starter.js\"><\/script><script type=\"text\/javascript\" src=\"https:\/\/fdesuremain-psy.fr\/wp-content\/plugins\/skt-builder\/sktbuilder-wordpress-driver.js\"><\/script><script type=\"text\/javascript\"> var starter = new SktbuilderStarter({\"mode\": \"prod\", \"skip\":[\"jquery\",\"underscore\",\"backbone\"],\"sktbuilderUrl\": \"https:\/\/fdesuremain-psy.fr\/wp-content\/plugins\/skt-builder\/sktbuilder\/\", \"driver\": new SktbuilderWordpressDriver({\"ajaxUrl\": \"https:\/\/fdesuremain-psy.fr\/wp-admin\/admin-ajax.php\", \"iframeUrl\": \"https:\/\/fdesuremain-psy.fr\/?page_id=738&sktbuilder=true\", \"pageId\": 738, \"pages\": [{\"title\":\"Sensibiliser \\\/ Soutenir\",\"url\":\"https:\\\/\\\/fdesuremain-psy.fr\\\/wp-admin\\\/post.php?post=1323&action=sktbuilder\"},{\"title\":\"Former\",\"url\":\"https:\\\/\\\/fdesuremain-psy.fr\\\/wp-admin\\\/post.php?post=1420&action=sktbuilder\"}], \"page\": \"Mon cadre de travail\" }) });<\/script><!-- end sktbuilder starter -->","protected":false},"excerpt":{"rendered":"<p>Le cadre clinique Le mot \u00ab\u00a0clinique\u00a0\u00bb signifie litt\u00e9ralement \u00ab\u00a0\u00eatre au chevet du patient\u00a0\u00bb. Cela veut dire qu&#8217;en tant que psychologue, c&#8216;est \u00e0 moi \u00e0 m&#8217;adapter au patient et non l&#8217;inverse. Je consid\u00e8re qu&#8217;il n&#8217;existe pas de solution ou de r\u00e9ponse toute faite face \u00e0 des sympt\u00f4mes ou des situations qui semblent similaires. Chaque histoire et<br \/><a class=\"moretag\" href=\"https:\/\/fdesuremain-psy.fr\/?page_id=738\">+ Read More<\/a><\/p>\n","protected":false},"author":1,"featured_media":0,"parent":0,"menu_order":0,"comment_status":"closed","ping_status":"closed","template":"templates\/page-nosidebar_template.php","meta":{"_exactmetrics_skip_tracking":false,"_exactmetrics_sitenote_active":false,"_exactmetrics_sitenote_note":"","_exactmetrics_sitenote_category":0,"footnotes":""},"_links":{"self":[{"href":"https:\/\/fdesuremain-psy.fr\/index.php?rest_route=\/wp\/v2\/pages\/738"}],"collection":[{"href":"https:\/\/fdesuremain-psy.fr\/index.php?rest_route=\/wp\/v2\/pages"}],"about":[{"href":"https:\/\/fdesuremain-psy.fr\/index.php?rest_route=\/wp\/v2\/types\/page"}],"author":[{"embeddable":true,"href":"https:\/\/fdesuremain-psy.fr\/index.php?rest_route=\/wp\/v2\/users\/1"}],"replies":[{"embeddable":true,"href":"https:\/\/fdesuremain-psy.fr\/index.php?rest_route=%2Fwp%2Fv2%2Fcomments&post=738"}],"version-history":[{"count":22,"href":"https:\/\/fdesuremain-psy.fr\/index.php?rest_route=\/wp\/v2\/pages\/738\/revisions"}],"predecessor-version":[{"id":764,"href":"https:\/\/fdesuremain-psy.fr\/index.php?rest_route=\/wp\/v2\/pages\/738\/revisions\/764"}],"wp:attachment":[{"href":"https:\/\/fdesuremain-psy.fr\/index.php?rest_route=%2Fwp%2Fv2%2Fmedia&parent=738"}],"curies":[{"name":"wp","href":"https:\/\/api.w.org\/{rel}","templated":true}]}}